{"id":3844,"date":"2023-04-23T00:23:07","date_gmt":"2023-04-22T22:23:07","guid":{"rendered":"https:\/\/taxi1717.hr\/?page_id=3844"},"modified":"2024-08-12T12:27:10","modified_gmt":"2024-08-12T10:27:10","slug":"o-nama","status":"publish","type":"page","link":"https:\/\/taxi1717.hr\/nadogradnja\/hr\/o-nama\/","title":{"rendered":"O NAMA"},"content":{"rendered":"<p>[et_pb_section fb_built=&#8221;1&#8243; disabled_on=&#8221;on|on|off&#8221; module_id=&#8221;onama&#8221; _builder_version=&#8221;4.20.4&#8243; _module_preset=&#8221;default&#8221; use_background_color_gradient=&#8221;on&#8221; background_color_gradient_stops=&#8221;rgba(13,125,159,0) 0%|#00b8f0 100%&#8221; background_enable_image=&#8221;off&#8221; custom_margin=&#8221;||-3px|||&#8221; custom_padding=&#8221;7px||1px|||&#8221; bottom_divider_color=&#8221;#00b8f0&#8243; bottom_divider_height=&#8221;44px&#8221; bottom_divider_flip=&#8221;vertical&#8221; global_colors_info=&#8221;{}&#8221;][et_pb_row _builder_version=&#8221;4.20.4&#8243; _module_preset=&#8221;default&#8221; custom_padding=&#8221;6px|||||&#8221; global_colors_info=&#8221;{}&#8221;][et_pb_column type=&#8221;4_4&#8243; _builder_version=&#8221;4.20.4&#8243; _module_preset=&#8221;default&#8221; global_colors_info=&#8221;{}&#8221;][et_pb_text _builder_version=&#8221;4.20.4&#8243; _module_preset=&#8221;default&#8221; header_2_text_color=&#8221;#FFFFFF&#8221; header_2_font_size=&#8221;4vw&#8221; header_2_font_size_tablet=&#8221;8vw&#8221; header_2_font_size_phone=&#8221;16vw&#8221; header_2_font_size_last_edited=&#8221;on|phone&#8221; global_colors_info=&#8221;{}&#8221;]<\/p>\n<h2>O NAMA<\/h2>\n<p>[\/et_pb_text][\/et_pb_column][\/et_pb_row][\/et_pb_section][et_pb_section fb_built=&#8221;1&#8243; custom_padding_last_edited=&#8221;off|desktop&#8221; disabled_on=&#8221;on|on|off&#8221; admin_label=&#8221;Header&#8221; _builder_version=&#8221;4.20.4&#8243; _module_preset=&#8221;default&#8221; background_color=&#8221;gcid-3a379ca8-6bf9-434c-8a61-08511851f29f&#8221; background_image=&#8221;https:\/\/taxi1717.hr\/wp-content\/uploads\/2023\/04\/Arena-Zagreb-Laniste-Zagreb-Taxi-1717.jpg&#8221; background_pattern_repeat_origin=&#8221;center&#8221; background_enable_mask_style=&#8221;on&#8221; background_mask_style=&#8221;corner-lake&#8221; background_mask_transform=&#8221;flip_horizontal|flip_vertical&#8221; background_mask_size=&#8221;custom&#8221; background_mask_width=&#8221;71%&#8221; background_mask_height=&#8221;0%&#8221; background_mask_position=&#8221;top_center&#8221; background_mask_vertical_offset=&#8221;100%&#8221; overflow-x=&#8221;hidden&#8221; overflow-y=&#8221;hidden&#8221; custom_margin=&#8221;||||false|false&#8221; custom_margin_tablet=&#8221;||0vw||false|false&#8221; custom_margin_phone=&#8221;||0vw||false|false&#8221; custom_margin_last_edited=&#8221;off|desktop&#8221; custom_padding=&#8221;0px||0px||false|false&#8221; custom_padding_tablet=&#8221;||0px||false|false&#8221; custom_padding_phone=&#8221;||0px||false|false&#8221; locked=&#8221;off&#8221; collapsed=&#8221;on&#8221; global_colors_info=&#8221;{%22gcid-3a379ca8-6bf9-434c-8a61-08511851f29f%22:%91%22background_color%22%93}&#8221;][et_pb_row column_structure=&#8221;1_2,1_2&#8243; make_equal=&#8221;on&#8221; _builder_version=&#8221;4.19.2&#8243; _module_preset=&#8221;default&#8221; custom_padding=&#8221;0px||0px||true|false&#8221; box_shadow_style=&#8221;preset4&#8243; box_shadow_horizontal=&#8221;30vw&#8221; box_shadow_vertical=&#8221;0px&#8221; box_shadow_color=&#8221;#FFFFFF&#8221; global_colors_info=&#8221;{}&#8221;][et_pb_column type=&#8221;1_2&#8243; _builder_version=&#8221;4.19.2&#8243; _module_preset=&#8221;default&#8221; custom_padding=&#8221;8%|20px|8%||true|false&#8221; global_colors_info=&#8221;{}&#8221;][et_pb_text _builder_version=&#8221;4.20.4&#8243; _module_preset=&#8221;4b380b26-de0f-40b5-86ec-0828fe236215&#8243; header_font=&#8221;Barlow|600|||||||&#8221; header_text_color=&#8221;#221e1d&#8221; global_colors_info=&#8221;{}&#8221;]<\/p>\n<h1>TAXI 1717<\/h1>\n<p>[\/et_pb_text][et_pb_text _builder_version=&#8221;4.20.4&#8243; _module_preset=&#8221;3a7c49f8-822a-48d9-bdfa-2c9215af477d&#8221; text_text_color=&#8221;#221e1d&#8221; custom_margin=&#8221;||30px||false|false&#8221; global_colors_info=&#8221;{}&#8221;]<\/p>\n<p><strong>Najve\u0107i i najkvalitetniji taksi prijevoznik u Zagrebu.<\/strong><\/p>\n<p>[\/et_pb_text][et_pb_button button_url=&#8221;#onama&#8221; button_text=&#8221;Saznaj vi\u0161e&#8221; _builder_version=&#8221;4.20.4&#8243; _module_preset=&#8221;b9133b21-26e5-4a2c-bfe0-7401c61e6f1d&#8221; button_bg_use_color_gradient=&#8221;on&#8221; button_bg_color_gradient_direction=&#8221;176deg&#8221; button_bg_color_gradient_stops=&#8221;#00b8f0 0%|#221e1d 100%&#8221; animation_style=&#8221;bounce&#8221; animation_duration=&#8221;600ms&#8221; global_colors_info=&#8221;{}&#8221;][\/et_pb_button][\/et_pb_column][et_pb_column type=&#8221;1_2&#8243; _builder_version=&#8221;4.19.2&#8243; _module_preset=&#8221;default&#8221; background_color=&#8221;#FFFFFF&#8221; background_enable_image=&#8221;off&#8221; background_position=&#8221;bottom_center&#8221; custom_padding=&#8221;||6vw||false|false&#8221; global_colors_info=&#8221;{}&#8221;][et_pb_image src=&#8221;https:\/\/taxi1717.hr\/wp-content\/uploads\/2023\/04\/Mimara-Zagreb-Savska-Taxi-1717.jpg&#8221; title_text=&#8221;Mimara &#8211; Zagreb &#8211; Savska &#8211; Taxi 1717&#8243; _builder_version=&#8221;4.20.4&#8243; _module_preset=&#8221;default&#8221; custom_margin=&#8221;|-18vw|||false|false&#8221; global_colors_info=&#8221;{}&#8221;][\/et_pb_image][\/et_pb_column][\/et_pb_row][et_pb_row _builder_version=&#8221;4.20.4&#8243; _module_preset=&#8221;default&#8221; background_color=&#8221;#00b8f0&#8243; max_width=&#8221;800px&#8221; custom_margin=&#8221;||||false|false&#8221; custom_margin_tablet=&#8221;||0vw||false|false&#8221; custom_margin_phone=&#8221;||0vw||false|false&#8221; custom_margin_last_edited=&#8221;off|desktop&#8221; custom_padding=&#8221;60px|60px|60px|60px|true|true&#8221; box_shadow_style=&#8221;preset4&#8243; box_shadow_horizontal=&#8221;30vw&#8221; box_shadow_vertical=&#8221;0px&#8221; box_shadow_color=&#8221;#FFFFFF&#8221; global_colors_info=&#8221;{}&#8221;][et_pb_column type=&#8221;4_4&#8243; _builder_version=&#8221;4.19.0&#8243; _module_preset=&#8221;default&#8221; global_colors_info=&#8221;{}&#8221;][et_pb_text _builder_version=&#8221;4.20.4&#8243; _module_preset=&#8221;93613ea4-112f-4d8b-8ca8-0c4cfe52bffc&#8221; header_text_color=&#8221;#221e1d&#8221; header_3_font=&#8221;Barlow|600|||||||&#8221; text_orientation=&#8221;center&#8221; global_colors_info=&#8221;{}&#8221;]<\/p>\n<h3>Taxi 1717 &#8211; Va\u0161 pouzdan i povoljan prijevoz.<\/h3>\n<p>[\/et_pb_text][et_pb_text _builder_version=&#8221;4.20.4&#8243; _module_preset=&#8221;8d96d6ae-76ae-4cf5-91af-72ba41bb3106&#8243; header_text_color=&#8221;#00b8f0&#8243; header_2_font=&#8221;Barlow|800|||||||&#8221; header_2_text_color=&#8221;#221e1d&#8221; text_orientation=&#8221;center&#8221; animation_style=&#8221;zoom&#8221; header_2_font_size_tablet=&#8221;8vw&#8221; header_2_font_size_phone=&#8221;10vw&#8221; header_2_font_size_last_edited=&#8221;on|phone&#8221; locked=&#8221;off&#8221; global_colors_info=&#8221;{}&#8221;]<\/p>\n<h2><span>Sigurno i brzo do odredi\u0161ta<\/span>!<\/h2>\n<p>[\/et_pb_text][et_pb_text disabled_on=&#8221;on|on|off&#8221; _builder_version=&#8221;4.20.4&#8243; _module_preset=&#8221;default&#8221; text_text_color=&#8221;#000000&#8243; global_colors_info=&#8221;{}&#8221;]<\/p>\n<p><strong>TAXI 1717<\/strong><span>\u00a0<\/span>je najve\u0107i taksi prijevoznik u Zagrebu s vi\u0161e od sto godina tradicije. Nasi voza\u010di su profesionalci koji poznaju grad Zagreb kao svoj d\u017eep. Vozni park nam je najve\u0107i u gradu s najve\u0107im odabirom vozila, a sva vozila su ispravna i \u010dista.<\/p>\n<p>Na\u0161i voza\u010di su vrhunski stru\u010dnjaci u vo\u017enji po gradu, \u0161to zna\u010di da poznaju najbolje rute do va\u0161e destinacije. Osim toga, oni su vrlo dobro upoznati s lokalnim znamenitostima, klubovima, restoranima i muzejima, tako da su uvijek spremni podijeliti svoje znanje i preporuke s vama.<\/p>\n<p>Mi smo ponosni na to da su na\u0161i voza\u010di izuzetno komunikativni i uvijek spremni pomo\u0107i svojim klijentima. Bez obzira na to trebate li informacije o gradu, preporuku za restoran ili samo prijateljski razgovor, na\u0161i voza\u010di su tu za vas. Oni \u0107e se pobrinuti da se osje\u0107ate ugodno i dobrodo\u0161lo tijekom cijele vo\u017enje.<\/p>\n<p>&nbsp;<\/p>\n<p>[\/et_pb_text][\/et_pb_column][\/et_pb_row][\/et_pb_section][et_pb_section fb_built=&#8221;1&#8243; custom_padding_last_edited=&#8221;off|desktop&#8221; disabled_on=&#8221;off|off|on&#8221; admin_label=&#8221;Header&#8221; _builder_version=&#8221;4.20.4&#8243; _module_preset=&#8221;default&#8221; background_color=&#8221;#FFFFFF&#8221; background_enable_image=&#8221;off&#8221; background_pattern_repeat_origin=&#8221;center&#8221; overflow-x=&#8221;hidden&#8221; overflow-y=&#8221;hidden&#8221; custom_margin=&#8221;||||false|false&#8221; custom_margin_tablet=&#8221;||0vw||false|false&#8221; custom_margin_phone=&#8221;||0vw||false|false&#8221; custom_margin_last_edited=&#8221;off|desktop&#8221; custom_padding=&#8221;0px||0px||false|false&#8221; custom_padding_tablet=&#8221;||0px||false|false&#8221; custom_padding_phone=&#8221;||0px||false|false&#8221; locked=&#8221;off&#8221; collapsed=&#8221;on&#8221; global_colors_info=&#8221;{}&#8221;][et_pb_row column_structure=&#8221;1_2,1_2&#8243; make_equal=&#8221;on&#8221; _builder_version=&#8221;4.19.2&#8243; _module_preset=&#8221;default&#8221; custom_padding=&#8221;0px||0px||true|false&#8221; box_shadow_style=&#8221;preset4&#8243; box_shadow_horizontal=&#8221;30vw&#8221; box_shadow_vertical=&#8221;0px&#8221; box_shadow_color=&#8221;#FFFFFF&#8221; global_colors_info=&#8221;{}&#8221;][et_pb_column type=&#8221;1_2&#8243; _builder_version=&#8221;4.19.2&#8243; _module_preset=&#8221;default&#8221; custom_padding=&#8221;8%|20px|8%||true|false&#8221; global_colors_info=&#8221;{}&#8221;][et_pb_text _builder_version=&#8221;4.20.4&#8243; _module_preset=&#8221;4b380b26-de0f-40b5-86ec-0828fe236215&#8243; header_font=&#8221;Barlow|600|||||||&#8221; header_text_color=&#8221;#221e1d&#8221; global_colors_info=&#8221;{}&#8221;]<\/p>\n<h1>TAXI 1717<\/h1>\n<p>[\/et_pb_text][et_pb_text _builder_version=&#8221;4.20.4&#8243; _module_preset=&#8221;3a7c49f8-822a-48d9-bdfa-2c9215af477d&#8221; text_text_color=&#8221;#221e1d&#8221; custom_margin=&#8221;||30px||false|false&#8221; global_colors_info=&#8221;{}&#8221;]<\/p>\n<p><strong>Najve\u0107i i najkvalitetniji taksi prijevoznik u Zagrebu.<\/strong><\/p>\n<p>[\/et_pb_text][et_pb_button button_url=&#8221;#onamam&#8221; button_text=&#8221;Saznaj vi\u0161e&#8221; _builder_version=&#8221;4.20.4&#8243; _module_preset=&#8221;b9133b21-26e5-4a2c-bfe0-7401c61e6f1d&#8221; button_bg_use_color_gradient=&#8221;on&#8221; button_bg_color_gradient_direction=&#8221;176deg&#8221; button_bg_color_gradient_stops=&#8221;#00b8f0 0%|#221e1d 100%&#8221; animation_style=&#8221;bounce&#8221; animation_duration=&#8221;600ms&#8221; global_colors_info=&#8221;{}&#8221;][\/et_pb_button][\/et_pb_column][et_pb_column type=&#8221;1_2&#8243; _builder_version=&#8221;4.19.2&#8243; _module_preset=&#8221;default&#8221; background_color=&#8221;#FFFFFF&#8221; background_enable_image=&#8221;off&#8221; background_position=&#8221;bottom_center&#8221; custom_padding=&#8221;||6vw||false|false&#8221; global_colors_info=&#8221;{}&#8221;][et_pb_image src=&#8221;https:\/\/taxi1717.hr\/wp-content\/uploads\/2023\/04\/Mimara-Zagreb-Savska-Taxi-1717.jpg&#8221; title_text=&#8221;Mimara &#8211; Zagreb &#8211; Savska &#8211; Taxi 1717&#8243; _builder_version=&#8221;4.20.4&#8243; _module_preset=&#8221;default&#8221; custom_margin=&#8221;|-18vw|||false|false&#8221; global_colors_info=&#8221;{}&#8221;][\/et_pb_image][\/et_pb_column][\/et_pb_row][et_pb_row module_id=&#8221;onamam&#8221; _builder_version=&#8221;4.20.4&#8243; _module_preset=&#8221;default&#8221; background_color=&#8221;#00b8f0&#8243; max_width=&#8221;800px&#8221; custom_margin=&#8221;||||false|false&#8221; custom_margin_tablet=&#8221;||0vw||false|false&#8221; custom_margin_phone=&#8221;||0vw||false|false&#8221; custom_margin_last_edited=&#8221;off|desktop&#8221; custom_padding=&#8221;60px|60px|60px|60px|true|true&#8221; box_shadow_style=&#8221;preset4&#8243; box_shadow_horizontal=&#8221;30vw&#8221; box_shadow_vertical=&#8221;0px&#8221; box_shadow_color=&#8221;#FFFFFF&#8221; global_colors_info=&#8221;{}&#8221;][et_pb_column type=&#8221;4_4&#8243; _builder_version=&#8221;4.19.0&#8243; _module_preset=&#8221;default&#8221; global_colors_info=&#8221;{}&#8221;][et_pb_text _builder_version=&#8221;4.20.4&#8243; _module_preset=&#8221;93613ea4-112f-4d8b-8ca8-0c4cfe52bffc&#8221; header_text_color=&#8221;#221e1d&#8221; header_3_font=&#8221;Barlow|600|||||||&#8221; text_orientation=&#8221;center&#8221; global_colors_info=&#8221;{}&#8221;]<\/p>\n<h3>Taxi 1717 &#8211; Va\u0161 pouzdan i povoljan prijevoz.<\/h3>\n<p>[\/et_pb_text][et_pb_text _builder_version=&#8221;4.20.4&#8243; _module_preset=&#8221;8d96d6ae-76ae-4cf5-91af-72ba41bb3106&#8243; header_text_color=&#8221;#00b8f0&#8243; header_2_font=&#8221;Barlow|800|||||||&#8221; header_2_text_color=&#8221;#221e1d&#8221; text_orientation=&#8221;center&#8221; animation_style=&#8221;zoom&#8221; header_2_font_size_tablet=&#8221;8vw&#8221; header_2_font_size_phone=&#8221;8vw&#8221; header_2_font_size_last_edited=&#8221;on|phone&#8221; locked=&#8221;off&#8221; global_colors_info=&#8221;{}&#8221;]<\/p>\n<h2><span>Sigurno i brzo do odredi\u0161ta<\/span>!<\/h2>\n<p>[\/et_pb_text][et_pb_text disabled_on=&#8221;off|off|off&#8221; _builder_version=&#8221;4.20.4&#8243; _module_preset=&#8221;default&#8221; text_text_color=&#8221;#000000&#8243; global_colors_info=&#8221;{}&#8221;]<\/p>\n<p><strong>TAXI 1717<\/strong><span>\u00a0<\/span>je najve\u0107i taksi prijevoznik u Zagrebu s vi\u0161e od sto godina tradicije. Nasi voza\u010di su profesionalci koji poznaju grad Zagreb kao svoj d\u017eep. Vozni park nam je najve\u0107i u gradu s najve\u0107im odabirom vozila, a sva vozila su ispravna i \u010dista.<\/p>\n<p>Na\u0161i voza\u010di su vrhunski stru\u010dnjaci u vo\u017enji po gradu, \u0161to zna\u010di da poznaju najbolje rute do va\u0161e destinacije. Osim toga, oni su vrlo dobro upoznati s lokalnim znamenitostima, klubovima, restoranima i muzejima, tako da su uvijek spremni podijeliti svoje znanje i preporuke s vama.<\/p>\n<p>Mi smo ponosni na to da su na\u0161i voza\u010di izuzetno komunikativni i uvijek spremni pomo\u0107i svojim klijentima. Bez obzira na to trebate li informacije o gradu, preporuku za restoran ili samo prijateljski razgovor, na\u0161i voza\u010di su tu za vas. Oni \u0107e se pobrinuti da se osje\u0107ate ugodno i dobrodo\u0161lo tijekom cijele vo\u017enje.<\/p>\n<p>&nbsp;<\/p>\n<p>[\/et_pb_text][\/et_pb_column][\/et_pb_row][\/et_pb_section][et_pb_section fb_built=&#8221;1&#8243; _builder_version=&#8221;4.20.4&#8243; _module_preset=&#8221;default&#8221; custom_padding=&#8221;||8px|||&#8221; global_colors_info=&#8221;{}&#8221;][et_pb_row _builder_version=&#8221;4.20.4&#8243; _module_preset=&#8221;default&#8221; global_colors_info=&#8221;{}&#8221;][et_pb_column type=&#8221;4_4&#8243; _builder_version=&#8221;4.20.4&#8243; _module_preset=&#8221;default&#8221; global_colors_info=&#8221;{}&#8221;][et_pb_text _builder_version=&#8221;4.20.4&#8243; _module_preset=&#8221;default&#8221; header_2_font=&#8221;|700|||||||&#8221; header_2_text_color=&#8221;gcid-ba664267-6f92-4ac5-a88f-855d6fa318fd&#8221; header_2_font_size=&#8221;5vw&#8221; custom_margin=&#8221;|-65%|30px||false|false&#8221; custom_margin_tablet=&#8221;|0%|||false|false&#8221; custom_margin_phone=&#8221;|0%|||false|false&#8221; custom_margin_last_edited=&#8221;on|desktop&#8221; animation_style=&#8221;roll&#8221; animation_intensity_roll=&#8221;25%&#8221; header_2_font_size_tablet=&#8221;15vw&#8221; header_2_font_size_phone=&#8221;17vw&#8221; header_2_font_size_last_edited=&#8221;on|phone&#8221; header_2_text_shadow_style=&#8221;preset2&#8243; global_colors_info=&#8221;{%22gcid-ba664267-6f92-4ac5-a88f-855d6fa318fd%22:%91%22header_2_text_color%22%93}&#8221;]<\/p>\n<h2 style=\"text-align: center;\"><a href=\"https:\/\/taxi1717.hr\/hr\/posebne-usluge-prijevoza\/\"><span>Na\u0161e posebne usluge \u00a0<\/span><\/a><\/h2>\n<p>[\/et_pb_text][et_pb_icon font_icon=&#8221;&#xe02b;||divi||400&#8243; icon_color=&#8221;#00b8ef&#8221; icon_width=&#8221;64px&#8221; url=&#8221;https:\/\/taxi1717.hr\/hr\/posebne-usluge-prijevoza\/&#8221; _builder_version=&#8221;4.20.4&#8243; _module_preset=&#8221;default&#8221; global_colors_info=&#8221;{}&#8221;][\/et_pb_icon][\/et_pb_column][\/et_pb_row][\/et_pb_section][et_pb_section fb_built=&#8221;1&#8243; admin_label=&#8221;Call to Action&#8221; _builder_version=&#8221;4.19.0&#8243; _module_preset=&#8221;default&#8221; custom_padding=&#8221;6px|||||&#8221; collapsed=&#8221;off&#8221; global_colors_info=&#8221;{}&#8221;][et_pb_row column_structure=&#8221;1_2,1_2&#8243; use_custom_gutter=&#8221;on&#8221; gutter_width=&#8221;1&#8243; make_equal=&#8221;on&#8221; _builder_version=&#8221;4.19.2&#8243; _module_preset=&#8221;default&#8221; custom_margin=&#8221;||||false|false&#8221; custom_margin_tablet=&#8221;||||false|false&#8221; custom_margin_phone=&#8221;||||false|false&#8221; custom_margin_last_edited=&#8221;off|desktop&#8221; global_colors_info=&#8221;{}&#8221;][et_pb_column type=&#8221;1_2&#8243; _builder_version=&#8221;4.19.2&#8243; _module_preset=&#8221;default&#8221; z_index=&#8221;10&#8243; custom_padding=&#8221;8%||8%||true|false&#8221; custom_padding_tablet=&#8221;|8%|8%|8%|false|true&#8221; custom_padding_phone=&#8221;|8%|8%|8%|false|true&#8221; custom_padding_last_edited=&#8221;off|desktop&#8221; global_colors_info=&#8221;{}&#8221;][et_pb_text _builder_version=&#8221;4.20.4&#8243; _module_preset=&#8221;562fba40-7d13-44c9-a4d9-b8a348aee9a2&#8243; header_2_font=&#8221;|700|||||||&#8221; header_2_text_color=&#8221;gcid-ba664267-6f92-4ac5-a88f-855d6fa318fd&#8221; header_2_font_size=&#8221;120px&#8221; custom_margin=&#8221;|-65%|30px||false|false&#8221; custom_margin_tablet=&#8221;|0%|||false|false&#8221; custom_margin_phone=&#8221;|0%|||false|false&#8221; custom_margin_last_edited=&#8221;on|desktop&#8221; animation_style=&#8221;roll&#8221; animation_intensity_roll=&#8221;25%&#8221; header_2_text_shadow_style=&#8221;preset2&#8243; global_colors_info=&#8221;{%22gcid-ba664267-6f92-4ac5-a88f-855d6fa318fd%22:%91%22header_2_text_color%22%93}&#8221;]<\/p>\n<h2>24\/7<\/h2>\n<p>[\/et_pb_text][et_pb_text _builder_version=&#8221;4.20.4&#8243; _module_preset=&#8221;3a7c49f8-822a-48d9-bdfa-2c9215af477d&#8221; max_width=&#8221;320px&#8221; custom_margin=&#8221;||30px||false|false&#8221; global_colors_info=&#8221;{}&#8221;] Taxi 1717 je dostupan 24 sata dnevno, 7 dana u tjednu, kroz cijelu godinu. Bez obzira radilo se o radnom danu, prazniku ili nedjelji, uvijek smo tu za vas.<\/p>\n<p>Na\u0161a predanost pru\u017eanju izvrsne usluge na\u0161im klijentima ne zna za granice i zato smo uvijek spremni pru\u017eiti vam prijevoz kada god vam treba.<\/p>\n<p>Zahvaljujemo vam na povjerenju koje nam ukazujete i radujemo se \u0161to vam mo\u017eemo pru\u017eiti najbolju uslugu prijevoza u gradu.[\/et_pb_text][et_pb_button button_url=&#8221;tel:+38511717&#8243; button_text=&#8221;NAZOVI 1717&#8243; _builder_version=&#8221;4.20.4&#8243; _module_preset=&#8221;b9133b21-26e5-4a2c-bfe0-7401c61e6f1d&#8221; button_bg_use_color_gradient=&#8221;on&#8221; button_bg_color_gradient_direction=&#8221;176deg&#8221; button_bg_color_gradient_stops=&#8221;#00b8f0 0%|#221e1d 100%&#8221; animation_style=&#8221;bounce&#8221; animation_duration=&#8221;600ms&#8221; locked=&#8221;off&#8221; global_colors_info=&#8221;{}&#8221;][\/et_pb_button][\/et_pb_column][et_pb_column type=&#8221;1_2&#8243; _builder_version=&#8221;4.19.2&#8243; _module_preset=&#8221;default&#8221; global_colors_info=&#8221;{}&#8221;][et_pb_image src=&#8221;https:\/\/taxi1717.hr\/wp-content\/uploads\/2023\/04\/Markov-trg-Zagreb-Taxi-1717-Gornji-grad.jpg&#8221; title_text=&#8221;Markov trg &#8211; Zagreb &#8211; Taxi 1717 -Gornji grad&#8221; disabled_on=&#8221;on|on|off&#8221; _builder_version=&#8221;4.20.4&#8243; _module_preset=&#8221;default&#8221; positioning=&#8221;absolute&#8221; custom_margin=&#8221;|-10vw|||false|false&#8221; locked=&#8221;off&#8221; global_colors_info=&#8221;{}&#8221;][\/et_pb_image][\/et_pb_column][\/et_pb_row][\/et_pb_section][et_pb_section fb_built=&#8221;1&#8243; fullwidth=&#8221;on&#8221; disabled_on=&#8221;on|on|off&#8221; _builder_version=&#8221;4.20.4&#8243; _module_preset=&#8221;default&#8221; global_colors_info=&#8221;{}&#8221;][et_pb_fullwidth_image src=&#8221;https:\/\/taxi1717.hr\/wp-content\/uploads\/2023\/04\/Taxi-1717-Zagreb-Mimara.jpg&#8221; title_text=&#8221;Taxi 1717 &#8211; Zagreb &#8211; Mimara&#8221; _builder_version=&#8221;4.20.4&#8243; _module_preset=&#8221;default&#8221; global_colors_info=&#8221;{}&#8221;][\/et_pb_fullwidth_image][\/et_pb_section][et_pb_section fb_built=&#8221;1&#8243; disabled_on=&#8221;off|off|on&#8221; _builder_version=&#8221;4.20.4&#8243; _module_preset=&#8221;default&#8221; custom_padding=&#8221;||9px|||&#8221; global_colors_info=&#8221;{}&#8221;][et_pb_row _builder_version=&#8221;4.20.4&#8243; _module_preset=&#8221;default&#8221; global_colors_info=&#8221;{}&#8221;][et_pb_column type=&#8221;4_4&#8243; _builder_version=&#8221;4.20.4&#8243; _module_preset=&#8221;default&#8221; global_colors_info=&#8221;{}&#8221;][et_pb_image src=&#8221;https:\/\/taxi1717.hr\/wp-content\/uploads\/2023\/04\/Markov-trg-Zagreb-Taxi-1717-Gornji-grad.jpg&#8221; title_text=&#8221;Markov trg &#8211; Zagreb &#8211; Taxi 1717 -Gornji grad&#8221; show_bottom_space=&#8221;off&#8221; _builder_version=&#8221;4.20.4&#8243; _module_preset=&#8221;default&#8221; global_colors_info=&#8221;{}&#8221;][\/et_pb_image][\/et_pb_column][\/et_pb_row][\/et_pb_section][et_pb_section fb_built=&#8221;1&#8243; admin_label=&#8221;Features&#8221; _builder_version=&#8221;4.19.0&#8243; _module_preset=&#8221;default&#8221; custom_margin=&#8221;3px|||||&#8221; custom_padding=&#8221;||7px|||&#8221; saved_tabs=&#8221;all&#8221; collapsed=&#8221;off&#8221; global_colors_info=&#8221;{}&#8221;][et_pb_row column_structure=&#8221;1_2,1_2&#8243; _builder_version=&#8221;4.19.0&#8243; _module_preset=&#8221;default&#8221; global_colors_info=&#8221;{}&#8221;][et_pb_column type=&#8221;1_2&#8243; _builder_version=&#8221;4.19.0&#8243; _module_preset=&#8221;default&#8221; global_colors_info=&#8221;{}&#8221;][et_pb_text _builder_version=&#8221;4.20.4&#8243; _module_preset=&#8221;8d96d6ae-76ae-4cf5-91af-72ba41bb3106&#8243; header_2_font=&#8221;Barlow|800|||||||&#8221; animation_style=&#8221;slide&#8221; animation_direction=&#8221;left&#8221; global_colors_info=&#8221;{}&#8221;]<\/p>\n<h2>Lijepo se je voziti taksijem \ud83d\ude42<\/h2>\n<p>[\/et_pb_text][\/et_pb_column][et_pb_column type=&#8221;1_2&#8243; _builder_version=&#8221;4.19.0&#8243; _module_preset=&#8221;default&#8221; global_colors_info=&#8221;{}&#8221;][et_pb_blurb title=&#8221;Opusti se i u\u017eivaj&#8221; use_icon=&#8221;on&#8221; font_icon=&#8221;&#xe052;||divi||400&#8243; _builder_version=&#8221;4.20.4&#8243; _module_preset=&#8221;e61225a1-52c4-4460-baed-50c502438a69&#8243; locked=&#8221;off&#8221; global_colors_info=&#8221;{}&#8221;]<\/p>\n<p>&#8220;Najbolja stvar u vo\u017enji taksijem je \u0161to se mo\u017eete opustiti i prepustiti voza\u010du da vas odvede gdje god \u017eelite.&#8221; &#8211; Regina Brett<\/p>\n<p>[\/et_pb_blurb][et_pb_blurb title=&#8221;Taksi voza\u010di&#8221; use_icon=&#8221;on&#8221; font_icon=&#8221;&#xe052;||divi||400&#8243; _builder_version=&#8221;4.20.4&#8243; _module_preset=&#8221;e61225a1-52c4-4460-baed-50c502438a69&#8243; locked=&#8221;off&#8221; global_colors_info=&#8221;{}&#8221;]<\/p>\n<p>&#8220;Taksi voza\u010di su nevjerojatni ljudi. Oni su uvijek tu za vas, bez obzira na vrijeme ili mjesto. Oni znaju grad bolje od bilo koga drugog i mogu vas odvesti bilo gdje \u017eelite.&#8221; &#8211; Ed Koch<\/p>\n<p>[\/et_pb_blurb][et_pb_blurb title=&#8221;U\u017eivanje u vo\u017enji&#8221; use_icon=&#8221;on&#8221; font_icon=&#8221;&#xe052;||divi||400&#8243; _builder_version=&#8221;4.20.4&#8243; _module_preset=&#8221;e61225a1-52c4-4460-baed-50c502438a69&#8243; locked=&#8221;off&#8221; global_colors_info=&#8221;{}&#8221;]<\/p>\n<p>&#8220;Svaki put kad se vozim taksijem, osje\u0107am se kao kraljica. Ne moram se brinuti o vo\u017enji, parkiranju ili pronala\u017eenju puta. Samo sjednem, opustim se i u\u017eivam u vo\u017enji.&#8221; &#8211; Vivica A. Fox<\/p>\n<p>[\/et_pb_blurb][\/et_pb_column][\/et_pb_row][\/et_pb_section]<\/p>\n","protected":false},"excerpt":{"rendered":"<p>O NAMATAXI 1717Najve\u0107i i najkvalitetniji taksi prijevoznik u Zagrebu.Taxi 1717 &#8211; Va\u0161 pouzdan i povoljan prijevoz.Sigurno i brzo do odredi\u0161ta!TAXI 1717\u00a0je najve\u0107i taksi prijevoznik u Zagrebu s vi\u0161e od sto godina tradicije. Nasi voza\u010di su profesionalci koji poznaju grad Zagreb kao svoj d\u017eep. Vozni park nam je najve\u0107i u gradu s najve\u0107im odabirom vozila, a [&hellip;]<\/p>\n","protected":false},"author":1,"featured_media":0,"parent":0,"menu_order":0,"comment_status":"closed","ping_status":"closed","template":"","meta":{"_et_pb_use_builder":"on","_et_pb_old_content":"","_et_gb_content_width":"","_monsterinsights_skip_tracking":false,"_monsterinsights_sitenote_active":false,"_monsterinsights_sitenote_note":"","_monsterinsights_sitenote_category":0,"footnotes":""},"class_list":["post-3844","page","type-page","status-publish","hentry"],"_links":{"self":[{"href":"https:\/\/taxi1717.hr\/nadogradnja\/wp-json\/wp\/v2\/pages\/3844","targetHints":{"allow":["GET"]}}],"collection":[{"href":"https:\/\/taxi1717.hr\/nadogradnja\/wp-json\/wp\/v2\/pages"}],"about":[{"href":"https:\/\/taxi1717.hr\/nadogradnja\/wp-json\/wp\/v2\/types\/page"}],"author":[{"embeddable":true,"href":"https:\/\/taxi1717.hr\/nadogradnja\/wp-json\/wp\/v2\/users\/1"}],"replies":[{"embeddable":true,"href":"https:\/\/taxi1717.hr\/nadogradnja\/wp-json\/wp\/v2\/comments?post=3844"}],"version-history":[{"count":50,"href":"https:\/\/taxi1717.hr\/nadogradnja\/wp-json\/wp\/v2\/pages\/3844\/revisions"}],"predecessor-version":[{"id":4398,"href":"https:\/\/taxi1717.hr\/nadogradnja\/wp-json\/wp\/v2\/pages\/3844\/revisions\/4398"}],"wp:attachment":[{"href":"https:\/\/taxi1717.hr\/nadogradnja\/wp-json\/wp\/v2\/media?parent=3844"}],"curies":[{"name":"wp","href":"https:\/\/api.w.org\/{rel}","templated":true}]}}